{"id":2250,"date":"2021-12-30T10:54:48","date_gmt":"2021-12-30T10:54:48","guid":{"rendered":"https:\/\/floridasadv.com\/travelers-information\/"},"modified":"2025-12-06T19:48:56","modified_gmt":"2025-12-06T19:48:56","slug":"travelers-information","status":"publish","type":"page","link":"https:\/\/floridasadv.com\/en\/travelers-information\/","title":{"rendered":"Travelers Information"},"content":{"rendered":"<div data-elementor-type=\"wp-page\" data-elementor-id=\"2250\" class=\"elementor elementor-2250\" data-elementor-post-type=\"page\">\n\t\t\t\t<div class=\"elementor-element elementor-element-d7836b1 e-grid e-con-full e-transform e-con e-parent\" data-id=\"d7836b1\" data-element_type=\"container\" data-e-type=\"container\" data-settings=\"{&quot;_transform_rotateZ_effect&quot;:{&quot;unit&quot;:&quot;px&quot;,&quot;size&quot;:0,&quot;sizes&quot;:[]},&quot;_transform_rotateZ_effect_laptop&quot;:{&quot;unit&quot;:&quot;deg&quot;,&quot;size&quot;:&quot;&quot;,&quot;sizes&quot;:[]},&quot;_transform_rotateZ_effect_tablet&quot;:{&quot;unit&quot;:&quot;deg&quot;,&quot;size&quot;:&quot;&quot;,&quot;sizes&quot;:[]},&quot;_transform_rotateZ_effect_mobile&quot;:{&quot;unit&quot;:&quot;deg&quot;,&quot;size&quot;:&quot;&quot;,&quot;sizes&quot;:[]}}\">\n\t\t<div class=\"elementor-element elementor-element-4f5a89e e-con-full e-flex e-con e-child\" data-id=\"4f5a89e\" data-element_type=\"container\" data-e-type=\"container\">\n\t\t\t\t<div class=\"elementor-element elementor-element-0468e23 elementor-widget__width-inherit elementor-invisible elementor-widget elementor-widget-image\" data-id=\"0468e23\" data-element_type=\"widget\" data-e-type=\"widget\" data-settings=\"{&quot;_animation&quot;:&quot;flash&quot;}\" data-widget_type=\"image.default\">\n\t\t\t\t\t\t\t\t\t\t\t\t\t\t\t<img fetchpriority=\"high\" decoding=\"async\" width=\"598\" height=\"397\" src=\"https:\/\/floridasadv.com\/wp-content\/uploads\/2025\/12\/aric1jm529.png\" class=\"attachment-large size-large wp-image-6361\" alt=\"\" srcset=\"https:\/\/floridasadv.com\/wp-content\/uploads\/2025\/12\/aric1jm529.png 598w, https:\/\/floridasadv.com\/wp-content\/uploads\/2025\/12\/aric1jm529-300x199.png 300w, https:\/\/floridasadv.com\/wp-content\/uploads\/2025\/12\/aric1jm529-370x247.png 370w, https:\/\/floridasadv.com\/wp-content\/uploads\/2025\/12\/aric1jm529-270x180.png 270w\" sizes=\"(max-width: 598px) 100vw, 598px\" \/>\t\t\t\t\t\t\t\t\t\t\t\t\t\t\t<\/div>\n\t\t\t\t<div class=\"elementor-element elementor-element-b0cafe5 elementor-widget elementor-widget-heading\" data-id=\"b0cafe5\" data-element_type=\"widget\" data-e-type=\"widget\" data-widget_type=\"heading.default\">\n\t\t\t\t\t<h2 class=\"elementor-heading-title elementor-size-default\">Nueva York<\/h2>\t\t\t\t<\/div>\n\t\t\t\t<div class=\"elementor-element elementor-element-a637b59 elementor-widget elementor-widget-heading\" data-id=\"a637b59\" data-element_type=\"widget\" data-e-type=\"widget\" data-widget_type=\"heading.default\">\n\t\t\t\t\t<h2 class=\"elementor-heading-title elementor-size-default\">La ciudad que nunca duerme: rascacielos, luces, compras y experiencias inolvidables en cada esquina.<br><\/h2>\t\t\t\t<\/div>\n\t\t\t\t<div class=\"elementor-element elementor-element-4bb77d0 elementor-widget elementor-widget-heading\" data-id=\"4bb77d0\" data-element_type=\"widget\" data-e-type=\"widget\" data-widget_type=\"heading.default\">\n\t\t\t\t\t<h2 class=\"elementor-heading-title elementor-size-default\">Ideal para: turismo urbano, compras y primeras visitas a Estados Unidos.<br><\/h2>\t\t\t\t<\/div>\n\t\t\t\t<div class=\"elementor-element elementor-element-d5c84b5 elementor-align-center elementor-widget elementor-widget-button\" data-id=\"d5c84b5\" data-element_type=\"widget\" data-e-type=\"widget\" data-widget_type=\"button.default\">\n\t\t\t\t\t\t\t\t\t\t<a class=\"elementor-button elementor-button-link elementor-size-sm\" href=\"http:\/\/www.floridasadventures.com\">\n\t\t\t\t\t\t<span class=\"elementor-button-content-wrapper\">\n\t\t\t\t\t\t\t\t\t<span class=\"elementor-button-text\">View deals<\/span>\n\t\t\t\t\t<\/span>\n\t\t\t\t\t<\/a>\n\t\t\t\t\t\t\t\t<\/div>\n\t\t\t\t<\/div>\n\t\t<div class=\"elementor-element elementor-element-d641a69 e-con-full e-flex e-con e-child\" data-id=\"d641a69\" data-element_type=\"container\" data-e-type=\"container\">\n\t\t\t\t<div class=\"elementor-element elementor-element-2799f35 elementor-widget__width-inherit elementor-invisible elementor-widget elementor-widget-image\" data-id=\"2799f35\" data-element_type=\"widget\" data-e-type=\"widget\" data-settings=\"{&quot;_animation&quot;:&quot;flash&quot;}\" data-widget_type=\"image.default\">\n\t\t\t\t\t\t\t\t\t\t\t\t\t\t\t<img decoding=\"async\" width=\"800\" height=\"375\" src=\"https:\/\/floridasadv.com\/wp-content\/uploads\/2025\/11\/best_time_to_visit_miami_villas_beach_sunrise_59910d947c-1024x480.webp\" class=\"attachment-large size-large wp-image-6271\" alt=\"\" srcset=\"https:\/\/floridasadv.com\/wp-content\/uploads\/2025\/11\/best_time_to_visit_miami_villas_beach_sunrise_59910d947c-1024x480.webp 1024w, https:\/\/floridasadv.com\/wp-content\/uploads\/2025\/11\/best_time_to_visit_miami_villas_beach_sunrise_59910d947c-300x141.webp 300w, https:\/\/floridasadv.com\/wp-content\/uploads\/2025\/11\/best_time_to_visit_miami_villas_beach_sunrise_59910d947c-768x360.webp 768w, https:\/\/floridasadv.com\/wp-content\/uploads\/2025\/11\/best_time_to_visit_miami_villas_beach_sunrise_59910d947c-1536x720.webp 1536w, https:\/\/floridasadv.com\/wp-content\/uploads\/2025\/11\/best_time_to_visit_miami_villas_beach_sunrise_59910d947c.webp 1600w\" sizes=\"(max-width: 800px) 100vw, 800px\" \/>\t\t\t\t\t\t\t\t\t\t\t\t\t\t\t<\/div>\n\t\t\t\t<div class=\"elementor-element elementor-element-5c63afb elementor-widget elementor-widget-heading\" data-id=\"5c63afb\" data-element_type=\"widget\" data-e-type=\"widget\" data-widget_type=\"heading.default\">\n\t\t\t\t\t<h2 class=\"elementor-heading-title elementor-size-default\">Miami<\/h2>\t\t\t\t<\/div>\n\t\t\t\t<div class=\"elementor-element elementor-element-5f33335 elementor-widget elementor-widget-heading\" data-id=\"5f33335\" data-element_type=\"widget\" data-e-type=\"widget\" data-widget_type=\"heading.default\">\n\t\t\t\t\t<h2 class=\"elementor-heading-title elementor-size-default\">Playas espectaculares, clima perfecto y el mejor ambiente latino en el sur de Florida.<br><\/h2>\t\t\t\t<\/div>\n\t\t\t\t<div class=\"elementor-element elementor-element-aebdcc0 elementor-widget elementor-widget-heading\" data-id=\"aebdcc0\" data-element_type=\"widget\" data-e-type=\"widget\" data-widget_type=\"heading.default\">\n\t\t\t\t\t<h2 class=\"elementor-heading-title elementor-size-default\">Ideal para: escapadas en pareja, viajes con amigos y vacaciones de verano.<\/h2>\t\t\t\t<\/div>\n\t\t\t\t<div class=\"elementor-element elementor-element-5743247 elementor-align-center elementor-widget elementor-widget-button\" data-id=\"5743247\" data-element_type=\"widget\" data-e-type=\"widget\" data-widget_type=\"button.default\">\n\t\t\t\t\t\t\t\t\t\t<a class=\"elementor-button elementor-button-link elementor-size-sm\" href=\"http:\/\/www.floridasadventures.com\">\n\t\t\t\t\t\t<span class=\"elementor-button-content-wrapper\">\n\t\t\t\t\t\t\t\t\t<span class=\"elementor-button-text\">View deals<\/span>\n\t\t\t\t\t<\/span>\n\t\t\t\t\t<\/a>\n\t\t\t\t\t\t\t\t<\/div>\n\t\t\t\t<\/div>\n\t\t<div class=\"elementor-element elementor-element-e4793b7 e-con-full e-flex e-con e-child\" data-id=\"e4793b7\" data-element_type=\"container\" data-e-type=\"container\">\n\t\t\t\t<div class=\"elementor-element elementor-element-8bbd8db elementor-widget__width-inherit elementor-invisible elementor-widget elementor-widget-image\" data-id=\"8bbd8db\" data-element_type=\"widget\" data-e-type=\"widget\" data-settings=\"{&quot;_animation&quot;:&quot;flash&quot;}\" data-widget_type=\"image.default\">\n\t\t\t\t\t\t\t\t\t\t\t\t\t\t\t<img decoding=\"async\" width=\"700\" height=\"500\" src=\"https:\/\/floridasadv.com\/wp-content\/uploads\/2025\/12\/tour-xcaret.jpg\" class=\"attachment-large size-large wp-image-6366\" alt=\"\" srcset=\"https:\/\/floridasadv.com\/wp-content\/uploads\/2025\/12\/tour-xcaret.jpg 700w, https:\/\/floridasadv.com\/wp-content\/uploads\/2025\/12\/tour-xcaret-300x214.jpg 300w\" sizes=\"(max-width: 700px) 100vw, 700px\" \/>\t\t\t\t\t\t\t\t\t\t\t\t\t\t\t<\/div>\n\t\t\t\t<div class=\"elementor-element elementor-element-9b1f8ef elementor-widget elementor-widget-heading\" data-id=\"9b1f8ef\" data-element_type=\"widget\" data-e-type=\"widget\" data-widget_type=\"heading.default\">\n\t\t\t\t\t<h2 class=\"elementor-heading-title elementor-size-default\">Canc\u00fan<\/h2>\t\t\t\t<\/div>\n\t\t\t\t<div class=\"elementor-element elementor-element-c4f83e8 elementor-widget elementor-widget-heading\" data-id=\"c4f83e8\" data-element_type=\"widget\" data-e-type=\"widget\" data-widget_type=\"heading.default\">\n\t\t\t\t\t<h2 class=\"elementor-heading-title elementor-size-default\">Caribe mexicano con playas de arena blanca, mar turquesa y hoteles todo incluido para relajarte al m\u00e1ximo.<\/h2>\t\t\t\t<\/div>\n\t\t\t\t<div class=\"elementor-element elementor-element-4992074 elementor-widget elementor-widget-heading\" data-id=\"4992074\" data-element_type=\"widget\" data-e-type=\"widget\" data-widget_type=\"heading.default\">\n\t\t\t\t\t<h2 class=\"elementor-heading-title elementor-size-default\">Ideal para: familias, parejas y viajes de luna de miel.<\/h2>\t\t\t\t<\/div>\n\t\t\t\t<div class=\"elementor-element elementor-element-c490ed3 elementor-align-center elementor-widget elementor-widget-button\" data-id=\"c490ed3\" data-element_type=\"widget\" data-e-type=\"widget\" data-widget_type=\"button.default\">\n\t\t\t\t\t\t\t\t\t\t<a class=\"elementor-button elementor-button-link elementor-size-sm\" href=\"http:\/\/www.floridasadventures.com\">\n\t\t\t\t\t\t<span class=\"elementor-button-content-wrapper\">\n\t\t\t\t\t\t\t\t\t<span class=\"elementor-button-text\">View deals<\/span>\n\t\t\t\t\t<\/span>\n\t\t\t\t\t<\/a>\n\t\t\t\t\t\t\t\t<\/div>\n\t\t\t\t<\/div>\n\t\t<div class=\"elementor-element elementor-element-8658deb e-con-full e-flex e-con e-child\" data-id=\"8658deb\" data-element_type=\"container\" data-e-type=\"container\">\n\t\t\t\t<div class=\"elementor-element elementor-element-562195d elementor-widget__width-inherit elementor-invisible elementor-widget elementor-widget-image\" data-id=\"562195d\" data-element_type=\"widget\" data-e-type=\"widget\" data-settings=\"{&quot;_animation&quot;:&quot;flash&quot;}\" data-widget_type=\"image.default\">\n\t\t\t\t\t\t\t\t\t\t\t\t\t\t\t<img loading=\"lazy\" decoding=\"async\" width=\"800\" height=\"534\" src=\"https:\/\/floridasadv.com\/wp-content\/uploads\/2025\/11\/orlando2-1024x683.jpg\" class=\"attachment-large size-large wp-image-6279\" alt=\"\" srcset=\"https:\/\/floridasadv.com\/wp-content\/uploads\/2025\/11\/orlando2-1024x683.jpg 1024w, https:\/\/floridasadv.com\/wp-content\/uploads\/2025\/11\/orlando2-300x200.jpg 300w, https:\/\/floridasadv.com\/wp-content\/uploads\/2025\/11\/orlando2-768x513.jpg 768w, https:\/\/floridasadv.com\/wp-content\/uploads\/2025\/11\/orlando2-370x247.jpg 370w, https:\/\/floridasadv.com\/wp-content\/uploads\/2025\/11\/orlando2-270x180.jpg 270w, https:\/\/floridasadv.com\/wp-content\/uploads\/2025\/11\/orlando2.jpg 1500w\" sizes=\"(max-width: 800px) 100vw, 800px\" \/>\t\t\t\t\t\t\t\t\t\t\t\t\t\t\t<\/div>\n\t\t\t\t<div class=\"elementor-element elementor-element-bc20f55 elementor-widget elementor-widget-heading\" data-id=\"bc20f55\" data-element_type=\"widget\" data-e-type=\"widget\" data-widget_type=\"heading.default\">\n\t\t\t\t\t<h2 class=\"elementor-heading-title elementor-size-default\">Orlando<\/h2>\t\t\t\t<\/div>\n\t\t\t\t<div class=\"elementor-element elementor-element-822c2dd elementor-widget elementor-widget-heading\" data-id=\"822c2dd\" data-element_type=\"widget\" data-e-type=\"widget\" data-widget_type=\"heading.default\">\n\t\t\t\t\t<h2 class=\"elementor-heading-title elementor-size-default\">La capital mundial de los parques tem\u00e1ticos, con diversi\u00f3n garantizada para ni\u00f1os y adultos.<\/h2>\t\t\t\t<\/div>\n\t\t\t\t<div class=\"elementor-element elementor-element-e69be7e elementor-widget elementor-widget-heading\" data-id=\"e69be7e\" data-element_type=\"widget\" data-e-type=\"widget\" data-widget_type=\"heading.default\">\n\t\t\t\t\t<h2 class=\"elementor-heading-title elementor-size-default\">Ideal para: vacaciones en familia, viajes largos y amantes de los parques de atracciones.<\/h2>\t\t\t\t<\/div>\n\t\t\t\t<div class=\"elementor-element elementor-element-5681972 elementor-align-center elementor-widget elementor-widget-button\" data-id=\"5681972\" data-element_type=\"widget\" data-e-type=\"widget\" data-widget_type=\"button.default\">\n\t\t\t\t\t\t\t\t\t\t<a class=\"elementor-button elementor-button-link elementor-size-sm\" href=\"http:\/\/www.floridasadventures.com\">\n\t\t\t\t\t\t<span class=\"elementor-button-content-wrapper\">\n\t\t\t\t\t\t\t\t\t<span class=\"elementor-button-text\">View deals<\/span>\n\t\t\t\t\t<\/span>\n\t\t\t\t\t<\/a>\n\t\t\t\t\t\t\t\t<\/div>\n\t\t\t\t<\/div>\n\t\t<div class=\"elementor-element elementor-element-61f90d5 e-con-full e-flex e-con e-child\" data-id=\"61f90d5\" data-element_type=\"container\" data-e-type=\"container\">\n\t\t\t\t<div class=\"elementor-element elementor-element-3cfd68a elementor-widget__width-inherit elementor-invisible elementor-widget elementor-widget-image\" data-id=\"3cfd68a\" data-element_type=\"widget\" data-e-type=\"widget\" data-settings=\"{&quot;_animation&quot;:&quot;flash&quot;}\" data-widget_type=\"image.default\">\n\t\t\t\t\t\t\t\t\t\t\t\t\t\t\t<img loading=\"lazy\" decoding=\"async\" width=\"500\" height=\"400\" src=\"https:\/\/floridasadv.com\/wp-content\/uploads\/2025\/12\/caption.jpg\" class=\"attachment-large size-large wp-image-6367\" alt=\"\" srcset=\"https:\/\/floridasadv.com\/wp-content\/uploads\/2025\/12\/caption.jpg 500w, https:\/\/floridasadv.com\/wp-content\/uploads\/2025\/12\/caption-300x240.jpg 300w\" sizes=\"(max-width: 500px) 100vw, 500px\" \/>\t\t\t\t\t\t\t\t\t\t\t\t\t\t\t<\/div>\n\t\t\t\t<div class=\"elementor-element elementor-element-b1762f9 elementor-widget elementor-widget-heading\" data-id=\"b1762f9\" data-element_type=\"widget\" data-e-type=\"widget\" data-widget_type=\"heading.default\">\n\t\t\t\t\t<h2 class=\"elementor-heading-title elementor-size-default\">Dub\u00e1i<\/h2>\t\t\t\t<\/div>\n\t\t\t\t<div class=\"elementor-element elementor-element-41d8a76 elementor-widget elementor-widget-heading\" data-id=\"41d8a76\" data-element_type=\"widget\" data-e-type=\"widget\" data-widget_type=\"heading.default\">\n\t\t\t\t\t<h2 class=\"elementor-heading-title elementor-size-default\">Una ciudad de lujo, desierto y rascacielos donde la innovaci\u00f3n se encuentra con la cultura \u00e1rabe.<\/h2>\t\t\t\t<\/div>\n\t\t\t\t<div class=\"elementor-element elementor-element-c62ed02 elementor-widget elementor-widget-heading\" data-id=\"c62ed02\" data-element_type=\"widget\" data-e-type=\"widget\" data-widget_type=\"heading.default\">\n\t\t\t\t\t<h2 class=\"elementor-heading-title elementor-size-default\">Ideal para: viajeros premium, compras de lujo y experiencias inolvidables en el desierto.<\/h2>\t\t\t\t<\/div>\n\t\t\t\t<div class=\"elementor-element elementor-element-4af6ab7 elementor-align-center elementor-widget elementor-widget-button\" data-id=\"4af6ab7\" data-element_type=\"widget\" data-e-type=\"widget\" data-widget_type=\"button.default\">\n\t\t\t\t\t\t\t\t\t\t<a class=\"elementor-button elementor-button-link elementor-size-sm\" href=\"http:\/\/www.floridasadventures.com\">\n\t\t\t\t\t\t<span class=\"elementor-button-content-wrapper\">\n\t\t\t\t\t\t\t\t\t<span class=\"elementor-button-text\">View deals<\/span>\n\t\t\t\t\t<\/span>\n\t\t\t\t\t<\/a>\n\t\t\t\t\t\t\t\t<\/div>\n\t\t\t\t<\/div>\n\t\t<div class=\"elementor-element elementor-element-734c454 e-con-full e-flex e-con e-child\" data-id=\"734c454\" data-element_type=\"container\" data-e-type=\"container\">\n\t\t\t\t<div class=\"elementor-element elementor-element-02b93c1 elementor-widget__width-inherit elementor-invisible elementor-widget elementor-widget-image\" data-id=\"02b93c1\" data-element_type=\"widget\" data-e-type=\"widget\" data-settings=\"{&quot;_animation&quot;:&quot;flash&quot;}\" data-widget_type=\"image.default\">\n\t\t\t\t\t\t\t\t\t\t\t\t\t\t\t<img loading=\"lazy\" decoding=\"async\" width=\"800\" height=\"531\" src=\"https:\/\/floridasadv.com\/wp-content\/uploads\/2025\/12\/caption-2-1024x680.jpg\" class=\"attachment-large size-large wp-image-6368\" alt=\"\" srcset=\"https:\/\/floridasadv.com\/wp-content\/uploads\/2025\/12\/caption-2-1024x680.jpg 1024w, https:\/\/floridasadv.com\/wp-content\/uploads\/2025\/12\/caption-2-300x199.jpg 300w, https:\/\/floridasadv.com\/wp-content\/uploads\/2025\/12\/caption-2-768x510.jpg 768w, https:\/\/floridasadv.com\/wp-content\/uploads\/2025\/12\/caption-2-370x247.jpg 370w, https:\/\/floridasadv.com\/wp-content\/uploads\/2025\/12\/caption-2-270x180.jpg 270w, https:\/\/floridasadv.com\/wp-content\/uploads\/2025\/12\/caption-2.jpg 1280w\" sizes=\"(max-width: 800px) 100vw, 800px\" \/>\t\t\t\t\t\t\t\t\t\t\t\t\t\t\t<\/div>\n\t\t\t\t<div class=\"elementor-element elementor-element-37ac6d7 elementor-widget elementor-widget-heading\" data-id=\"37ac6d7\" data-element_type=\"widget\" data-e-type=\"widget\" data-widget_type=\"heading.default\">\n\t\t\t\t\t<h2 class=\"elementor-heading-title elementor-size-default\">Las Vegas<\/h2>\t\t\t\t<\/div>\n\t\t\t\t<div class=\"elementor-element elementor-element-2f558dc elementor-widget elementor-widget-heading\" data-id=\"2f558dc\" data-element_type=\"widget\" data-e-type=\"widget\" data-widget_type=\"heading.default\">\n\t\t\t\t\t<h2 class=\"elementor-heading-title elementor-size-default\">La ciudad del entretenimiento: casinos, shows y vida nocturna en un destino \u00fanico en el mundo.<\/h2>\t\t\t\t<\/div>\n\t\t\t\t<div class=\"elementor-element elementor-element-1c4b604 elementor-widget elementor-widget-heading\" data-id=\"1c4b604\" data-element_type=\"widget\" data-e-type=\"widget\" data-widget_type=\"heading.default\">\n\t\t\t\t\t<h2 class=\"elementor-heading-title elementor-size-default\">Ideal para: viajes con amigos, escapadas de fin de semana y amantes del entretenimiento.<\/h2>\t\t\t\t<\/div>\n\t\t\t\t<div class=\"elementor-element elementor-element-53fd8f3 elementor-align-center elementor-widget elementor-widget-button\" data-id=\"53fd8f3\" data-element_type=\"widget\" data-e-type=\"widget\" data-widget_type=\"button.default\">\n\t\t\t\t\t\t\t\t\t\t<a class=\"elementor-button elementor-button-link elementor-size-sm\" href=\"http:\/\/www.floridasadventures.com\">\n\t\t\t\t\t\t<span class=\"elementor-button-content-wrapper\">\n\t\t\t\t\t\t\t\t\t<span class=\"elementor-button-text\">View deals<\/span>\n\t\t\t\t\t<\/span>\n\t\t\t\t\t<\/a>\n\t\t\t\t\t\t\t\t<\/div>\n\t\t\t\t<\/div>\n\t\t<div class=\"elementor-element elementor-element-31fed62 e-con-full e-flex e-con e-child\" data-id=\"31fed62\" data-element_type=\"container\" data-e-type=\"container\">\n\t\t\t\t<\/div>\n\t\t<div class=\"elementor-element elementor-element-e0d9e91 e-con-full e-flex e-con e-child\" data-id=\"e0d9e91\" data-element_type=\"container\" data-e-type=\"container\">\n\t\t\t\t<\/div>\n\t\t\t\t<\/div>\n\t\t\t\t<\/div>","protected":false},"excerpt":{"rendered":"<p>Nueva York La ciudad que nunca duerme: rascacielos, luces, compras y experiencias inolvidables en cada esquina. Ideal para: turismo urbano, compras y primeras visitas a Estados Unidos. Ver ofertas Miami Playas espectaculares, clima perfecto y el mejor ambiente latino en el sur de Florida. Ideal para: escapadas en pareja, viajes con amigos y vacaciones de [&hellip;]<\/p>\n","protected":false},"author":1,"featured_media":0,"parent":0,"menu_order":0,"comment_status":"closed","ping_status":"closed","template":"","meta":{"footnotes":""},"class_list":["post-2250","page","type-page","status-publish","hentry"],"aioseo_notices":[],"_links":{"self":[{"href":"https:\/\/floridasadv.com\/en\/wp-json\/wp\/v2\/pages\/2250","targetHints":{"allow":["GET"]}}],"collection":[{"href":"https:\/\/floridasadv.com\/en\/wp-json\/wp\/v2\/pages"}],"about":[{"href":"https:\/\/floridasadv.com\/en\/wp-json\/wp\/v2\/types\/page"}],"author":[{"embeddable":true,"href":"https:\/\/floridasadv.com\/en\/wp-json\/wp\/v2\/users\/1"}],"replies":[{"embeddable":true,"href":"https:\/\/floridasadv.com\/en\/wp-json\/wp\/v2\/comments?post=2250"}],"version-history":[{"count":18,"href":"https:\/\/floridasadv.com\/en\/wp-json\/wp\/v2\/pages\/2250\/revisions"}],"predecessor-version":[{"id":6391,"href":"https:\/\/floridasadv.com\/en\/wp-json\/wp\/v2\/pages\/2250\/revisions\/6391"}],"wp:attachment":[{"href":"https:\/\/floridasadv.com\/en\/wp-json\/wp\/v2\/media?parent=2250"}],"curies":[{"name":"wp","href":"https:\/\/api.w.org\/{rel}","templated":true}]}}